{"id":2,"date":"2016-05-10T03:48:21","date_gmt":"2016-05-10T03:48:21","guid":{"rendered":"https:\/\/seg-electronica.com.ar\/?page_id=2"},"modified":"2026-03-21T18:54:53","modified_gmt":"2026-03-21T18:54:53","slug":"sample-page","status":"publish","type":"page","link":"https:\/\/seg-electronica.com.ar\/?page_id=2","title":{"rendered":"Sobre nosotros"},"content":{"rendered":"\n<h2 class=\"wp-block-heading\">Servicio t\u00e9cnico de notebooks, PC, monitores y TV en C\u00f3rdoba<\/h2>\n\n\n\n<p>Somos un <strong>servicio t\u00e9cnico inform\u00e1tico y electr\u00f3nico en C\u00f3rdoba<\/strong> con <strong>m\u00e1s de 25 a\u00f1os de experiencia<\/strong> en reparaci\u00f3n de equipos. Desde hace <strong>m\u00e1s de 16 a\u00f1os atendemos en la misma direcci\u00f3n<\/strong>, brindando soluciones confiables tanto a particulares como a empresas.<\/p>\n\n\n\n<p>Nos especializamos en <strong>diagn\u00f3stico y reparaci\u00f3n electr\u00f3nica<\/strong>, lo que permite recuperar muchos equipos que otros servicios t\u00e9cnicos suelen dar por irreparables.<\/p>\n\n\n\n<p>Realizamos <strong>reparaci\u00f3n de notebooks, computadoras de escritorio, monitores y televisores<\/strong>, adem\u00e1s de equipos <strong>All-in-One (AIO)<\/strong>.<\/p>\n\n\n\n<p>Tambi\u00e9n ofrecemos:<\/p>\n\n\n\n<ul class=\"wp-block-list\">\n<li>reparaci\u00f3n de notebooks<\/li>\n\n\n\n<li>servicio t\u00e9cnico de PC de escritorio<\/li>\n\n\n\n<li>reparaci\u00f3n de monitores<\/li>\n\n\n\n<li>reparaci\u00f3n de TV<\/li>\n\n\n\n<li>mantenimiento de computadoras<\/li>\n\n\n\n<li>instalaci\u00f3n y optimizaci\u00f3n de software<\/li>\n\n\n\n<li>diagn\u00f3stico de fallas electr\u00f3nicas<\/li>\n\n\n\n<li>reemplazo de componentes<\/li>\n<\/ul>\n\n\n\n<p>Contamos con <strong>amplio stock de repuestos de notebooks y componentes inform\u00e1ticos<\/strong>, incluyendo piezas de equipos de generaciones anteriores. Nos gustan los equipos que muchos consideran \u201cviejos\u201d, porque sabemos que muchas veces <strong>todav\u00eda pueden seguir funcionando perfectamente con la reparaci\u00f3n adecuada<\/strong>.<\/p>\n\n\n\n<p>Gracias a nuestra experiencia en electr\u00f3nica, muchas veces podemos <strong>reparar placas o componentes<\/strong>, evitando reemplazos costosos y prolongando la vida \u00fatil del equipo.<\/p>\n\n\n\n<p><strong>No pierdas tiempo recorriendo varias casas de inform\u00e1tica o servicios t\u00e9cnicos buscando una soluci\u00f3n.<\/strong><br>En un solo lugar podes resolver todo: mantenimiento, instalaci\u00f3n de software, cambio de componentes o <strong>reparaci\u00f3n electr\u00f3nica del equipo cuando es posible<\/strong>, que suele ser la soluci\u00f3n m\u00e1s conveniente.<\/p>\n\n\n\n<p>Si busc\u00e1s <strong>servicio t\u00e9cnico de notebooks, PC, monitores o TV en C\u00f3rdoba Capital principalmente en la zona sur de la ciudad o en Barrio Jard\u00edn.<\/strong>, podes acercarte a nuestro local y evaluaremos tu equipo para ofrecerte la mejor soluci\u00f3n posible.<\/p>\n\n\n\n<p>Estamos en barrio Jard\u00edn, calle Jos\u00e9 Javier D\u00edaz 869, entre Valpara\u00edso y Nores Mart\u00ednez, Te: 351 7249539, SMS o Whatsapp al 351 5301300.<\/p>\n\n\n\n<p><a href=\"https:\/\/www.google.com\/maps\/dir\/-31.4474496,-64.2056192\/SEG+Electr%C3%B3nica,+Jos%C3%A9+Javier+D%C3%ADaz+869,+X5016+C%C3%B3rdoba\/@-31.4442339,-64.2058504,15z\/data=!3m1!4b1!4m9!4m8!1m1!4e1!1m5!1m1!1s0x9432a2fad468ca81:0xb825699ccc75d5b7!2m2!1d-64.1836837!2d-31.4465253?entry=ttu&amp;g_ep=EgoyMDI2MDMxOC4xIKXMDSoASAFQAw%3D%3D\">https:\/\/www.google.com\/maps\/dir\/-31.4474496,-64.2056192\/SEG+Electr%C3%B3nica,+Jos%C3%A9+Javier+D%C3%ADaz+869,+X5016+C%C3%B3rdoba\/@-31.4442339,-64.2058504,15z\/data=!3m1!4b1!4m9!4m8!1m1!4e1!1m5!1m1!1s0x9432a2fad468ca81:0xb825699ccc75d5b7!2m2!1d-64.1836837!2d-31.4465253?entry=ttu&amp;g_ep=EgoyMDI2MDMxOC4xIKXMDSoASAFQAw%3D%3D<\/a><\/p>\n\n\n\n<p><\/p>\n\n\n\n<p> Mas o menos estoy de lunes a viernes de 12 a 20Hs. Avisame antes de pasar. Saludos<\/p>\n\n\n\n<p><\/p>\n","protected":false},"excerpt":{"rendered":"<p>Servicio t\u00e9cnico de notebooks, PC, monitores y TV en C\u00f3rdoba Somos un servicio t\u00e9cnico inform\u00e1tico y electr\u00f3nico en C\u00f3rdoba con m\u00e1s de 25 a\u00f1os de experiencia en reparaci\u00f3n de equipos. Desde hace m\u00e1s de 16 a\u00f1os atendemos en la misma direcci\u00f3n, brindando soluciones confiables tanto a particulares como a empresas. Nos especializamos en diagn\u00f3stico y [&hellip;]<\/p>\n","protected":false},"author":1,"featured_media":0,"parent":0,"menu_order":0,"comment_status":"closed","ping_status":"open","template":"","meta":{"footnotes":""},"class_list":["post-2","page","type-page","status-publish","hentry"],"jetpack_sharing_enabled":true,"_links":{"self":[{"href":"https:\/\/seg-electronica.com.ar\/index.php?rest_route=\/wp\/v2\/pages\/2","targetHints":{"allow":["GET"]}}],"collection":[{"href":"https:\/\/seg-electronica.com.ar\/index.php?rest_route=\/wp\/v2\/pages"}],"about":[{"href":"https:\/\/seg-electronica.com.ar\/index.php?rest_route=\/wp\/v2\/types\/page"}],"author":[{"embeddable":true,"href":"https:\/\/seg-electronica.com.ar\/index.php?rest_route=\/wp\/v2\/users\/1"}],"replies":[{"embeddable":true,"href":"https:\/\/seg-electronica.com.ar\/index.php?rest_route=%2Fwp%2Fv2%2Fcomments&post=2"}],"version-history":[{"count":6,"href":"https:\/\/seg-electronica.com.ar\/index.php?rest_route=\/wp\/v2\/pages\/2\/revisions"}],"predecessor-version":[{"id":813,"href":"https:\/\/seg-electronica.com.ar\/index.php?rest_route=\/wp\/v2\/pages\/2\/revisions\/813"}],"wp:attachment":[{"href":"https:\/\/seg-electronica.com.ar\/index.php?rest_route=%2Fwp%2Fv2%2Fmedia&parent=2"}],"curies":[{"name":"wp","href":"https:\/\/api.w.org\/{rel}","templated":true}]}}