{"id":311,"date":"2026-02-18T05:31:59","date_gmt":"2026-02-18T05:31:59","guid":{"rendered":"https:\/\/seg-electronica.com.ar\/?product=memorias-ddr-o-ddr1-de-1gb-x-2-unidades"},"modified":"2026-04-08T00:12:24","modified_gmt":"2026-04-08T00:12:24","slug":"memorias-ddr-o-ddr1-de-1gb-x-2-unidades","status":"publish","type":"product","link":"https:\/\/seg-electronica.com.ar\/?product=memorias-ddr-o-ddr1-de-1gb-x-2-unidades","title":{"rendered":"Memorias DDR2 De 2gb Para PC"},"content":{"rendered":"<p>&nbsp;<\/p>\n<p>Memorias DDR2 de 2Gb para PC de marca: Kingston y Avant<\/p>\n<p>Al momento de crear este aviso tengo en stock de 533Mhz, 667Mhz y 800Mhz.<\/p>\n<p>Todas las memorias fueron chequeadas y se las vuelve a chequear antes del envi\u00f3 con el programa Memory Gold Test.<\/p>\n<p>&nbsp;<\/p>\n<p>Nos dedicamos al mantenimiento\u00a0 y reparaciones electr\u00f3nicas de Notebook y PCs, desde hace mas de 20 a\u00f1os. Por eso acumulamos repuestos\u00a0 y partes de PCs.<\/p>\n<p>Envi\u00f3 a todo el pa\u00eds por Correo argentino,<\/p>\n<p>Antes realizar tu compra consult\u00e1 disponibilidad o cualquier otra duda que tengas.<\/p>\n<p>Estamos en la ciudad de C\u00f3rdoba en barrio Jard\u00edn, cerca de ciudad universitaria, Buscanos como SEG Electr\u00f3nica.<\/p>\n","protected":false},"excerpt":{"rendered":"<p>Memorias DDR2 De 2gb Para PC formato Dimm<\/p>\n","protected":false},"featured_media":846,"comment_status":"open","ping_status":"closed","template":"","meta":[],"product_brand":[31,25],"product_cat":[29,28],"product_tag":[20,32,21],"class_list":{"0":"post-311","1":"product","2":"type-product","3":"status-publish","4":"has-post-thumbnail","6":"product_brand-avant","7":"product_brand-kingston","8":"product_cat-memorias-pc","9":"product_cat-pc","10":"product_tag-ddr2","11":"product_tag-dimm","12":"product_tag-memoria","14":"first","15":"instock","16":"shipping-taxable","17":"purchasable","18":"product-type-simple"},"jetpack_sharing_enabled":true,"_links":{"self":[{"href":"https:\/\/seg-electronica.com.ar\/index.php?rest_route=\/wp\/v2\/product\/311","targetHints":{"allow":["GET"]}}],"collection":[{"href":"https:\/\/seg-electronica.com.ar\/index.php?rest_route=\/wp\/v2\/product"}],"about":[{"href":"https:\/\/seg-electronica.com.ar\/index.php?rest_route=\/wp\/v2\/types\/product"}],"replies":[{"embeddable":true,"href":"https:\/\/seg-electronica.com.ar\/index.php?rest_route=%2Fwp%2Fv2%2Fcomments&post=311"}],"wp:featuredmedia":[{"embeddable":true,"href":"https:\/\/seg-electronica.com.ar\/index.php?rest_route=\/wp\/v2\/media\/846"}],"wp:attachment":[{"href":"https:\/\/seg-electronica.com.ar\/index.php?rest_route=%2Fwp%2Fv2%2Fmedia&parent=311"}],"wp:term":[{"taxonomy":"product_brand","embeddable":true,"href":"https:\/\/seg-electronica.com.ar\/index.php?rest_route=%2Fwp%2Fv2%2Fproduct_brand&post=311"},{"taxonomy":"product_cat","embeddable":true,"href":"https:\/\/seg-electronica.com.ar\/index.php?rest_route=%2Fwp%2Fv2%2Fproduct_cat&post=311"},{"taxonomy":"product_tag","embeddable":true,"href":"https:\/\/seg-electronica.com.ar\/index.php?rest_route=%2Fwp%2Fv2%2Fproduct_tag&post=311"}],"curies":[{"name":"wp","href":"https:\/\/api.w.org\/{rel}","templated":true}]}}