{"id":364,"date":"2026-02-18T05:52:44","date_gmt":"2026-02-18T05:52:44","guid":{"rendered":"https:\/\/seg-electronica.com.ar\/?product=repuestos-de-la-notebook-asus-f550d"},"modified":"2026-03-09T04:26:05","modified_gmt":"2026-03-09T04:26:05","slug":"repuestos-de-la-notebook-asus-f550d","status":"publish","type":"product","link":"https:\/\/seg-electronica.com.ar\/?product=repuestos-de-la-notebook-asus-f550d","title":{"rendered":"Repuestos De Notebook Asus F550d Teclado Motherboard Placa"},"content":{"rendered":"<p>Repuestos de la notebook Asus 550D, el motherboard funciona correctamente.<\/p>\n<p>Queda solo la parte de abajo de la notebook,<\/p>\n<p>La carcasa del display con sus bisagras, pantalla y flexs ya fueron vendidos.<\/p>\n<p>La podes usar conectada a un monitor externo por la salida VGA o HDMI<br \/>\nLas partes que me quedan:<\/p>\n<p>* Carcasa inferior Palm Rest completa.<\/p>\n<p>* El Teclado funciona correctamente, se lo testeo con el probar de teclados.<\/p>\n<p>* La motherboard Numero de parte: X750DP Rev: 2.0\u00a0funciona correctamente<\/p>\n<p>con un Microprocesador AMD A8-5550M que es un <mark class=\"HxTRcb\" data-sfc-cb=\"\" data-processed=\"true\">APU m\u00f3vil de cuatro n\u00facleos de gama media cuenta con gr\u00e1ficos integrados <span data-wiz-uids=\"eDQNBc_c\" data-sfc-cb=\"\" data-processed=\"true\"><a class=\"GI370e\" href=\"https:\/\/www.google.com\/search?client=firefox-b-d&amp;channel=entpr&amp;q=Radeon+HD+8550G&amp;mstk=AUtExfC4bTHpaFSCHq0OqB5kTS-7IygeJZJheC8q5GlU-K2CpGdum0WY6CH5Rd8vjG5lVAT5XFAqwL8qKn9FZBp_1XlKWWjVkwVZB7RGP26TLQQIlu4y3E4oiF05PprmFUIOPUVc3R3XA5PCgKb3PapUY-4fL07tBfyC7vFaH_p_DrQCHd8&amp;csui=3&amp;ved=2ahUKEwj9o_ff9pGTAxW4GLkGHTIVB7UQgK4QegQIARAC\" data-ved=\"2ahUKEwj9o_ff9pGTAxW4GLkGHTIVB7UQgK4QegQIARAC\" data-hveid=\"CAEQAg\" data-processed=\"true\">Radeon HD 8550G<\/a><\/span><\/mark><\/p>\n<p>este motherboard es utilizado en los siguientes modelos de ASUS X550 X550DP K550D X550D K550DP<\/p>\n<p>Se vende todo junto al precio del aviso<\/p>\n<p>Nos dedicamos a las reparaciones electr\u00f3nicas de Notebook y compramos notebooks sin funcionar todo el tiempo para sacar repuestos, por tal motivo nos van quedando muchas partes de las mismas.<\/p>\n<p>\u00a1Tu pregunta no molesta!<\/p>\n<p>Estamos en la ciudad de C\u00f3rdoba en barrio Jard\u00edn, cerca de ciudad universitaria, Buscanos como SEG Electr\u00f3nica.<\/p>\n","protected":false},"excerpt":{"rendered":"<p>&nbsp;<\/p>\n<h1 class=\"ui-pdp-title\">Repuestos De Notebook Asus F550d. *Teclado *PalmRest *Motherboard funcionando<\/h1>\n","protected":false},"featured_media":710,"comment_status":"open","ping_status":"closed","template":"","meta":[],"product_brand":[65],"product_cat":[23],"product_tag":[66,59],"class_list":{"0":"post-364","1":"product","2":"type-product","3":"status-publish","4":"has-post-thumbnail","6":"product_brand-asus","7":"product_cat-notebook","8":"product_tag-notebook","9":"product_tag-repuestos","11":"first","12":"instock","13":"shipping-taxable","14":"purchasable","15":"product-type-simple"},"jetpack_sharing_enabled":true,"_links":{"self":[{"href":"https:\/\/seg-electronica.com.ar\/index.php?rest_route=\/wp\/v2\/product\/364","targetHints":{"allow":["GET"]}}],"collection":[{"href":"https:\/\/seg-electronica.com.ar\/index.php?rest_route=\/wp\/v2\/product"}],"about":[{"href":"https:\/\/seg-electronica.com.ar\/index.php?rest_route=\/wp\/v2\/types\/product"}],"replies":[{"embeddable":true,"href":"https:\/\/seg-electronica.com.ar\/index.php?rest_route=%2Fwp%2Fv2%2Fcomments&post=364"}],"wp:featuredmedia":[{"embeddable":true,"href":"https:\/\/seg-electronica.com.ar\/index.php?rest_route=\/wp\/v2\/media\/710"}],"wp:attachment":[{"href":"https:\/\/seg-electronica.com.ar\/index.php?rest_route=%2Fwp%2Fv2%2Fmedia&parent=364"}],"wp:term":[{"taxonomy":"product_brand","embeddable":true,"href":"https:\/\/seg-electronica.com.ar\/index.php?rest_route=%2Fwp%2Fv2%2Fproduct_brand&post=364"},{"taxonomy":"product_cat","embeddable":true,"href":"https:\/\/seg-electronica.com.ar\/index.php?rest_route=%2Fwp%2Fv2%2Fproduct_cat&post=364"},{"taxonomy":"product_tag","embeddable":true,"href":"https:\/\/seg-electronica.com.ar\/index.php?rest_route=%2Fwp%2Fv2%2Fproduct_tag&post=364"}],"curies":[{"name":"wp","href":"https:\/\/api.w.org\/{rel}","templated":true}]}}