{"id":366,"date":"2026-02-18T05:52:44","date_gmt":"2026-02-18T05:52:44","guid":{"rendered":"https:\/\/seg-electronica.com.ar\/?product=monitor-tactil-touch-cuadrado-de-15-pulgadas-monoprice"},"modified":"2026-03-01T00:46:46","modified_gmt":"2026-03-01T00:46:46","slug":"monitor-tactil-touch-cuadrado-de-15-pulgadas-monoprice","status":"publish","type":"product","link":"https:\/\/seg-electronica.com.ar\/?product=monitor-tactil-touch-cuadrado-de-15-pulgadas-monoprice","title":{"rendered":"Monitor T\u00e1ctil Touch Cuadrado De 15 Pulgadas. VGA"},"content":{"rendered":"<p>Monitor LED Touch tactil de 15&#8243; 1280 x 1024 VGA<\/p>\n<p>Monitor LCD de 15&#8243;<\/p>\n<p>Marca: Monoprice<br \/>\nModelo: sin dato<br \/>\nResoluci\u00f3n: 1280&#215;1024 SVGA<br \/>\nEntradas de video: VGA<\/p>\n<p>Incluye fuente de alimentaci\u00f3n externa<br \/>\n+ cable de alimentaci\u00f3n<br \/>\n+ Cable USB<\/p>\n<p>NO INCLUYE EL PIE NI SOPORTE, viene con 4 orificios para poner soportes VESA 100\u00d7100<\/p>\n<p>NO INCLUYE EL CABLE VGA, porque tengo mas monitores que cables disponibles pero si lo necesitas antes de cerrar la compra agrega el monitor al carrito de compras y despu\u00e9s busca en mis otros productos en venta la publicaci\u00f3n de cables VGA.<\/p>\n<p>Todos los monitores y TV que vendemos son usados reacondicionados con garant\u00eda, mientras no les rompan la pantalla, le tires alg\u00fan liquido o caiga un rayo en tu casa tienen garant\u00eda de 90 D\u00edas.<\/p>\n<p>Envi\u00f3 a todo el pa\u00eds por\u00a0 Pack.Ar de Correo Argentino. Para env\u00edos por Correo Argentino al momento de la compra elija la opci\u00f3n lo retiro en persona, y despu\u00e9s por el chat de la compra nos pasas la direcci\u00f3n y quien recibe.<\/p>\n<p>Antes de ofertar o realizar tu compra consult\u00e1 todas tus dudas.<\/p>\n<p>Estamos en la ciudad de C\u00f3rdoba en barrio Jard\u00edn, cerca de ciudad universitaria.<\/p>\n","protected":false},"excerpt":{"rendered":"<p>&nbsp;<\/p>\n<p>Monitor T\u00e1ctil Touch de pantalla Cuadrada De 15 Pulgadas. Conector VGA<\/p>\n","protected":false},"featured_media":661,"comment_status":"open","ping_status":"closed","template":"","meta":[],"product_brand":[],"product_cat":[45],"product_tag":[46,47],"class_list":{"0":"post-366","1":"product","2":"type-product","3":"status-publish","4":"has-post-thumbnail","6":"product_cat-monitor","7":"product_tag-monitor","8":"product_tag-pantalla","10":"first","11":"instock","12":"taxable","13":"shipping-taxable","14":"purchasable","15":"product-type-simple"},"jetpack_sharing_enabled":true,"_links":{"self":[{"href":"https:\/\/seg-electronica.com.ar\/index.php?rest_route=\/wp\/v2\/product\/366","targetHints":{"allow":["GET"]}}],"collection":[{"href":"https:\/\/seg-electronica.com.ar\/index.php?rest_route=\/wp\/v2\/product"}],"about":[{"href":"https:\/\/seg-electronica.com.ar\/index.php?rest_route=\/wp\/v2\/types\/product"}],"replies":[{"embeddable":true,"href":"https:\/\/seg-electronica.com.ar\/index.php?rest_route=%2Fwp%2Fv2%2Fcomments&post=366"}],"wp:featuredmedia":[{"embeddable":true,"href":"https:\/\/seg-electronica.com.ar\/index.php?rest_route=\/wp\/v2\/media\/661"}],"wp:attachment":[{"href":"https:\/\/seg-electronica.com.ar\/index.php?rest_route=%2Fwp%2Fv2%2Fmedia&parent=366"}],"wp:term":[{"taxonomy":"product_brand","embeddable":true,"href":"https:\/\/seg-electronica.com.ar\/index.php?rest_route=%2Fwp%2Fv2%2Fproduct_brand&post=366"},{"taxonomy":"product_cat","embeddable":true,"href":"https:\/\/seg-electronica.com.ar\/index.php?rest_route=%2Fwp%2Fv2%2Fproduct_cat&post=366"},{"taxonomy":"product_tag","embeddable":true,"href":"https:\/\/seg-electronica.com.ar\/index.php?rest_route=%2Fwp%2Fv2%2Fproduct_tag&post=366"}],"curies":[{"name":"wp","href":"https:\/\/api.w.org\/{rel}","templated":true}]}}