{"id":369,"date":"2026-02-18T05:52:45","date_gmt":"2026-02-18T05:52:45","guid":{"rendered":"https:\/\/seg-electronica.com.ar\/?product=repuestos-partes-de-notebook-toshiba-c845-motherboard-ok"},"modified":"2026-03-12T05:40:01","modified_gmt":"2026-03-12T05:40:01","slug":"repuestos-partes-de-notebook-toshiba-c845-motherboard-ok","status":"publish","type":"product","link":"https:\/\/seg-electronica.com.ar\/?product=repuestos-partes-de-notebook-toshiba-c845-motherboard-ok","title":{"rendered":"Repuestos Partes De Notebook Toshiba C840 L840 C845 L845, Motherboard Ok"},"content":{"rendered":"<p>&nbsp;<\/p>\n<p>Partes de notebooks Toshiba SATELITE C840 L840 C845 L845<\/p>\n<p>Placa madre (Motherboard) funcionando con microprocesadores Intel Numero de parte: BY3C DABY3CMB8E0 REV:E<\/p>\n<p>Carcasa del display sin bisagras, en buen estado ver las fotos<\/p>\n<p>Carcasa inferior del teclado, en buen estado ver las fotos<\/p>\n<p>El teclado y su carcasa plastica ya fueron vendidos.<\/p>\n<p>&nbsp;<\/p>\n<p>Se va todo junto<\/p>\n<p>Nos dedicamos a las reparaciones electr\u00f3nicas de Notebook y compramos notebooks sin funcionar todo el tiempo para sacar repuestos, por tal motivo nos van quedando muchas partes de las mismas.<\/p>\n<p>Envi\u00f3 gratis a todo el pa\u00eds por\u00a0 Pack.Ar de Correo Argentino.<\/p>\n<div data-subtree=\"aimfl,mfl\" data-sfc-cb=\"\" data-processed=\"true\">El tiempo m\u00e1ximo estimado para env\u00edos de paquetes PAQ.AR de Correo Argentino suele ser de<\/div>\n<p><mark class=\"HxTRcb\" data-sfc-cb=\"\" data-processed=\"true\"><strong class=\"Yjhzub\" data-sfc-cb=\"\" data-processed=\"true\">3 a 6 d\u00edas h\u00e1biles.<\/strong><\/mark><\/p>\n<p>Estamos en la ciudad de C\u00f3rdoba en barrio Jard\u00edn, cerca de ciudad universitaria, Buscanos como SEG Electr\u00f3nica.<\/p>\n","protected":false},"excerpt":{"rendered":"<p>&nbsp;<\/p>\n<p>Repuestos Partes De Notebook Toshiba C840 L840 C845 L845<\/p>\n","protected":false},"featured_media":788,"comment_status":"open","ping_status":"closed","template":"","meta":[],"product_brand":[51],"product_cat":[23],"product_tag":[66],"class_list":{"0":"post-369","1":"product","2":"type-product","3":"status-publish","4":"has-post-thumbnail","6":"product_brand-toshiba","7":"product_cat-notebook","8":"product_tag-notebook","10":"first","11":"instock","12":"shipping-taxable","13":"purchasable","14":"product-type-simple"},"jetpack_sharing_enabled":true,"_links":{"self":[{"href":"https:\/\/seg-electronica.com.ar\/index.php?rest_route=\/wp\/v2\/product\/369","targetHints":{"allow":["GET"]}}],"collection":[{"href":"https:\/\/seg-electronica.com.ar\/index.php?rest_route=\/wp\/v2\/product"}],"about":[{"href":"https:\/\/seg-electronica.com.ar\/index.php?rest_route=\/wp\/v2\/types\/product"}],"replies":[{"embeddable":true,"href":"https:\/\/seg-electronica.com.ar\/index.php?rest_route=%2Fwp%2Fv2%2Fcomments&post=369"}],"wp:featuredmedia":[{"embeddable":true,"href":"https:\/\/seg-electronica.com.ar\/index.php?rest_route=\/wp\/v2\/media\/788"}],"wp:attachment":[{"href":"https:\/\/seg-electronica.com.ar\/index.php?rest_route=%2Fwp%2Fv2%2Fmedia&parent=369"}],"wp:term":[{"taxonomy":"product_brand","embeddable":true,"href":"https:\/\/seg-electronica.com.ar\/index.php?rest_route=%2Fwp%2Fv2%2Fproduct_brand&post=369"},{"taxonomy":"product_cat","embeddable":true,"href":"https:\/\/seg-electronica.com.ar\/index.php?rest_route=%2Fwp%2Fv2%2Fproduct_cat&post=369"},{"taxonomy":"product_tag","embeddable":true,"href":"https:\/\/seg-electronica.com.ar\/index.php?rest_route=%2Fwp%2Fv2%2Fproduct_tag&post=369"}],"curies":[{"name":"wp","href":"https:\/\/api.w.org\/{rel}","templated":true}]}}