{"id":375,"date":"2026-02-18T05:52:46","date_gmt":"2026-02-18T05:52:46","guid":{"rendered":"https:\/\/seg-electronica.com.ar\/?product=repuestos-de-notebook-acer-r5-571tg-7229"},"modified":"2026-03-10T04:21:55","modified_gmt":"2026-03-10T04:21:55","slug":"repuestos-de-notebook-acer-r5-571tg-7229","status":"publish","type":"product","link":"https:\/\/seg-electronica.com.ar\/?product=repuestos-de-notebook-acer-r5-571tg-7229","title":{"rendered":"Repuestos De Notebook Acer R5 571tg 7229 Pantalla Teclado Carcasa"},"content":{"rendered":"<p>&nbsp;<\/p>\n<p>Repuestos de Notebook Acer modelo R5-571TG-7229<\/p>\n<p>El precio actual es por el PalmRest, seria la carcasa del teclado + el teclado.<\/p>\n<p>La notebook por ahora esta completa no funciona la placa madre cuando la revizamos se anoto la siguiente falla \u00abNo enciende, titila led de encendido. Varian los 3,3V Alwaiss.\u00bb<\/p>\n<p>* Teclado<\/p>\n<p>* Carcasas y bisagras perfectas como se ve en las fotos.<\/p>\n<p>* Pantalla: 15.6 pulgadas Full HD (1920 x 1080) con tecnolog\u00eda IPS retroiluminada por LED y capacidad t\u00e1ctil.<\/p>\n<p>* Fan Coolers<\/p>\n<p>* Disipador<\/p>\n<p>La bater\u00eda no se pudo probar. Desconocemos si funciona.<\/p>\n<p>Las fotos son reales del producto que vendo.<\/p>\n<p>Consulte por la parte o repuesto que necesite y le agregamos mas datos y fotos de esa parte.<\/p>\n<p>Nos dedicamos a las reparaciones electr\u00f3nicas de Notebook y compramos notebooks sin funcionar todo el tiempo para sacar repuestos, por tal motivo nos van quedando muchas partes de las mismas.<\/p>\n<p>\u00a1Tu pregunta no molesta!<\/p>\n<p>Estamos en la ciudad de C\u00f3rdoba en barrio Jard\u00edn, cerca de ciudad universitaria, Buscanos como SEG Electr\u00f3nica.<\/p>\n","protected":false},"excerpt":{"rendered":"<p>&nbsp;<\/p>\n<p>Repuestos De Notebook Acer R5 571tg 7229<\/p>\n<p>Pantalla OK<\/p>\n<p>Teclado OK<\/p>\n<p>Carcasa Muy buen estado<\/p>\n","protected":false},"featured_media":736,"comment_status":"open","ping_status":"closed","template":"","meta":[],"product_brand":[53],"product_cat":[23],"product_tag":[66],"class_list":{"0":"post-375","1":"product","2":"type-product","3":"status-publish","4":"has-post-thumbnail","6":"product_brand-acer","7":"product_cat-notebook","8":"product_tag-notebook","10":"first","11":"instock","12":"shipping-taxable","13":"purchasable","14":"product-type-simple"},"jetpack_sharing_enabled":true,"_links":{"self":[{"href":"https:\/\/seg-electronica.com.ar\/index.php?rest_route=\/wp\/v2\/product\/375","targetHints":{"allow":["GET"]}}],"collection":[{"href":"https:\/\/seg-electronica.com.ar\/index.php?rest_route=\/wp\/v2\/product"}],"about":[{"href":"https:\/\/seg-electronica.com.ar\/index.php?rest_route=\/wp\/v2\/types\/product"}],"replies":[{"embeddable":true,"href":"https:\/\/seg-electronica.com.ar\/index.php?rest_route=%2Fwp%2Fv2%2Fcomments&post=375"}],"wp:featuredmedia":[{"embeddable":true,"href":"https:\/\/seg-electronica.com.ar\/index.php?rest_route=\/wp\/v2\/media\/736"}],"wp:attachment":[{"href":"https:\/\/seg-electronica.com.ar\/index.php?rest_route=%2Fwp%2Fv2%2Fmedia&parent=375"}],"wp:term":[{"taxonomy":"product_brand","embeddable":true,"href":"https:\/\/seg-electronica.com.ar\/index.php?rest_route=%2Fwp%2Fv2%2Fproduct_brand&post=375"},{"taxonomy":"product_cat","embeddable":true,"href":"https:\/\/seg-electronica.com.ar\/index.php?rest_route=%2Fwp%2Fv2%2Fproduct_cat&post=375"},{"taxonomy":"product_tag","embeddable":true,"href":"https:\/\/seg-electronica.com.ar\/index.php?rest_route=%2Fwp%2Fv2%2Fproduct_tag&post=375"}],"curies":[{"name":"wp","href":"https:\/\/api.w.org\/{rel}","templated":true}]}}