{"id":379,"date":"2026-02-18T05:52:47","date_gmt":"2026-02-18T05:52:47","guid":{"rendered":"https:\/\/seg-electronica.com.ar\/?product=tv-samsung-un32j4300agcdf-con-pantalla-rota"},"modified":"2026-03-22T00:29:21","modified_gmt":"2026-03-22T00:29:21","slug":"tv-samsung-un32j4300agcdf-con-pantalla-rota","status":"publish","type":"product","link":"https:\/\/seg-electronica.com.ar\/?product=tv-samsung-un32j4300agcdf-con-pantalla-rota","title":{"rendered":"Tv Samsung Un32j4300agcdf Con Pantalla Rota"},"content":{"rendered":"<p>&nbsp;<\/p>\n<p>TV LED Samsung de 32&#8243; Modelo: 32J4300AGCDF Con pantalla rota<\/p>\n<p>Vea las fotos son reales del producto y todo funcionaba correctamente. Prendi\u00f3 la retroalimentaci\u00f3n (Backlight), tenia sonido y la imagen se ve\u00eda en las partes sanas del display.<\/p>\n<p>Se vende el TV completo, pero si necesita solo alguna placa consulte y se crea un nuevo aviso con la parte que necesite.<\/p>\n<p>La Monoplaca funciona correctamente y no se alcanza a leer el modelo. Pero comp\u00e1rela con la suya en las fotos.<\/p>\n<p>Botonera, Sensor IR, Placa Wiffi:<\/p>\n<p>Parlantes, Pies Consultar<\/p>\n<p>\u00a1Tu pregunta no molesta!<\/p>\n<p>AVISO DEDICADO A T\u00c9CNICOS ELECTR\u00d3NICOS O PERSONAL ID\u00d3NEO en reparaciones electr\u00f3nicas.<\/p>\n<p>Si no sabe no se meta, no importa que lo haya visto en un video de youtube y le parece f\u00e1cil. La mayor\u00eda de las veces no es taaaaaann f\u00e1cil como en los videos y terminan rompiendo la pantalla y haci\u00e9ndonos perder el tiempo a todos.<\/p>\n<p>Estamos en la ciudad de C\u00f3rdoba en barrio Jard\u00edn, cerca de ciudad universitaria, Buscanos como SEG Electr\u00f3nica.<\/p>\n","protected":false},"excerpt":{"rendered":"<p>&nbsp;<\/p>\n<p>&nbsp;<\/p>\n<p>TV LED Samsung de 32&#8243; Modelo: 32J4300AGCDF Con pantalla rota<\/p>\n","protected":false},"featured_media":819,"comment_status":"open","ping_status":"closed","template":"","meta":[],"product_brand":[26],"product_cat":[41],"product_tag":[48,60],"class_list":{"0":"post-379","1":"product","2":"type-product","3":"status-publish","4":"has-post-thumbnail","6":"product_brand-samsung","7":"product_cat-tv","8":"product_tag-led","9":"product_tag-tv","11":"first","12":"instock","13":"shipping-taxable","14":"purchasable","15":"product-type-simple"},"jetpack_sharing_enabled":true,"_links":{"self":[{"href":"https:\/\/seg-electronica.com.ar\/index.php?rest_route=\/wp\/v2\/product\/379","targetHints":{"allow":["GET"]}}],"collection":[{"href":"https:\/\/seg-electronica.com.ar\/index.php?rest_route=\/wp\/v2\/product"}],"about":[{"href":"https:\/\/seg-electronica.com.ar\/index.php?rest_route=\/wp\/v2\/types\/product"}],"replies":[{"embeddable":true,"href":"https:\/\/seg-electronica.com.ar\/index.php?rest_route=%2Fwp%2Fv2%2Fcomments&post=379"}],"wp:featuredmedia":[{"embeddable":true,"href":"https:\/\/seg-electronica.com.ar\/index.php?rest_route=\/wp\/v2\/media\/819"}],"wp:attachment":[{"href":"https:\/\/seg-electronica.com.ar\/index.php?rest_route=%2Fwp%2Fv2%2Fmedia&parent=379"}],"wp:term":[{"taxonomy":"product_brand","embeddable":true,"href":"https:\/\/seg-electronica.com.ar\/index.php?rest_route=%2Fwp%2Fv2%2Fproduct_brand&post=379"},{"taxonomy":"product_cat","embeddable":true,"href":"https:\/\/seg-electronica.com.ar\/index.php?rest_route=%2Fwp%2Fv2%2Fproduct_cat&post=379"},{"taxonomy":"product_tag","embeddable":true,"href":"https:\/\/seg-electronica.com.ar\/index.php?rest_route=%2Fwp%2Fv2%2Fproduct_tag&post=379"}],"curies":[{"name":"wp","href":"https:\/\/api.w.org\/{rel}","templated":true}]}}