{"id":562,"date":"2026-02-19T19:32:14","date_gmt":"2026-02-19T19:32:14","guid":{"rendered":"https:\/\/seg-electronica.com.ar\/?product=repuestos-de-tv-led-lg-42lb5800-2"},"modified":"2026-02-24T04:57:23","modified_gmt":"2026-02-24T04:57:23","slug":"repuestos-de-tv-led-lg-42lb5800-2","status":"publish","type":"product","link":"https:\/\/seg-electronica.com.ar\/?product=repuestos-de-tv-led-lg-42lb5800-2","title":{"rendered":"Repuestos De Tv Led LG 42lb5800"},"content":{"rendered":"<p>Repuestos de TV LED LG 42LB5800, ingreso con pantalla rota y se sacaron las placas.<\/p>\n<p>El precio actual del aviso corresponde a la fuente de alimentaci\u00f3n.<\/p>\n<p>Fue probado antes de desarmar vea las fotos son reales del producto y todo funcionaba correctamente. Prendi\u00f3 la retroalimentaci\u00f3n (Backlight).<\/p>\n<p>Consulte por la placa que necesite<\/p>\n<p>FUENTE DE ALIMENTACI\u00d3N: EAX65693202 (1.0) Rev: 2.0 FUNCIONANDO CORRECTAMENTE<\/p>\n<p>Compatible con el TV LG 42lf5850 \/ 42lb5600<\/p>\n<p>TCON: 6870c-0480A FUNCIONANDO CORRECTAMENTE<\/p>\n<p>Wiffi: WN8122E1 FUNCIONANDO CORRECTAMENTE<\/p>\n<p>Placa Main EAX65610207(1.1)<\/p>\n<p>La Placa Main original de este TV ya fue vendida, tengo otra que reemplace en el TV de un cliente la cual muestra el logo y se apaga o reinicia. No se intento reparar, ni cargarle firmware, vea las fotos son de esta placa.<\/p>\n<p>Parlantes, botonera<\/p>\n<p>Placas funcionando correctamente<br \/>\nTestada y probadas<br \/>\nNo compre para probar<br \/>\nHaga bien su diagn\u00f3stico<\/p>\n<p>AVISO DEDICADO A T\u00c9CNICOS ELECTR\u00d3NICOS O GENTE CON EXPERIENCIA EN REPARACIONES DE TVs.<\/p>\n<p>Estamos en la ciudad de C\u00f3rdoba en barrio Jard\u00edn, cerca de ciudad universitaria, Buscanos como SEG Electr\u00f3nica.<\/p>\n","protected":false},"excerpt":{"rendered":"<h1 class=\"ui-pdp-title\">Repuestos De Tv Led Lg 42lb5800<\/h1>\n","protected":false},"featured_media":460,"comment_status":"open","ping_status":"closed","template":"","meta":[],"product_brand":[43],"product_cat":[41],"product_tag":[],"class_list":{"0":"post-562","1":"product","2":"type-product","3":"status-publish","4":"has-post-thumbnail","6":"product_brand-lg","7":"product_cat-tv","9":"first","10":"instock","11":"shipping-taxable","12":"purchasable","13":"product-type-simple"},"jetpack_sharing_enabled":true,"_links":{"self":[{"href":"https:\/\/seg-electronica.com.ar\/index.php?rest_route=\/wp\/v2\/product\/562","targetHints":{"allow":["GET"]}}],"collection":[{"href":"https:\/\/seg-electronica.com.ar\/index.php?rest_route=\/wp\/v2\/product"}],"about":[{"href":"https:\/\/seg-electronica.com.ar\/index.php?rest_route=\/wp\/v2\/types\/product"}],"replies":[{"embeddable":true,"href":"https:\/\/seg-electronica.com.ar\/index.php?rest_route=%2Fwp%2Fv2%2Fcomments&post=562"}],"wp:featuredmedia":[{"embeddable":true,"href":"https:\/\/seg-electronica.com.ar\/index.php?rest_route=\/wp\/v2\/media\/460"}],"wp:attachment":[{"href":"https:\/\/seg-electronica.com.ar\/index.php?rest_route=%2Fwp%2Fv2%2Fmedia&parent=562"}],"wp:term":[{"taxonomy":"product_brand","embeddable":true,"href":"https:\/\/seg-electronica.com.ar\/index.php?rest_route=%2Fwp%2Fv2%2Fproduct_brand&post=562"},{"taxonomy":"product_cat","embeddable":true,"href":"https:\/\/seg-electronica.com.ar\/index.php?rest_route=%2Fwp%2Fv2%2Fproduct_cat&post=562"},{"taxonomy":"product_tag","embeddable":true,"href":"https:\/\/seg-electronica.com.ar\/index.php?rest_route=%2Fwp%2Fv2%2Fproduct_tag&post=562"}],"curies":[{"name":"wp","href":"https:\/\/api.w.org\/{rel}","templated":true}]}}