{"id":568,"date":"2026-02-19T19:32:15","date_gmt":"2026-02-19T19:32:15","guid":{"rendered":"https:\/\/seg-electronica.com.ar\/?product=repuestos-de-tv-noblex-24ld873ht-3"},"modified":"2026-02-24T04:40:44","modified_gmt":"2026-02-24T04:40:44","slug":"repuestos-de-tv-noblex-24ld873ht-3","status":"publish","type":"product","link":"https:\/\/seg-electronica.com.ar\/?product=repuestos-de-tv-noblex-24ld873ht-3","title":{"rendered":"Repuestos De Tv Noblex 24ld873ht"},"content":{"rendered":"<p>Repuestos del TV LED Noblex de 24&#8243; Modelo: 24ld873ht ingreso con pantalla rota y se sacaron las placas.<\/p>\n<p>Modelos Equivalentes:<\/p>\n<p>NOBLEX 24LD873HT<br \/>\nSANYO LCE24XH15<br \/>\nPHILCO PLD2415HT<br \/>\nILO LDH24ILO4<\/p>\n<p>Solo me queda la fuente Fuente de alimentaci\u00f3n 5800-l2l022-w000<\/p>\n<p>Parlantes<\/p>\n<p>Tira de LEDs<\/p>\n<p>Placa Main: 5800-A6M83B-0P00 VENDIDA<\/p>\n<p>Consulte precio y disponibilidad de la placa que necesita.<\/p>\n<p>***EL PRECIO ACTUAL DEL AVISO CORRESPONDE A LA PLACA DE LA FUENTE DE ALIMENTACI\u00d3N***<\/p>\n<p>AVISO DEDICADO A T\u00c9CNICOS ELECTR\u00d3NICOS O PERSONAL ID\u00d3NEO en reparaciones electr\u00f3nicas.<\/p>\n<p>Placas funcionando correctamente<br \/>\nTestada y probadas<br \/>\nNo compre para probar<br \/>\nHaga bien su diagn\u00f3stico<\/p>\n<p>Si no sabe no se meta, no importa que lo haya visto en un video de youtube y le parece f\u00e1cil. La mayor\u00eda de las veces no es taaaaaann f\u00e1cil como en los videos y terminan rompiendo la pantalla y haci\u00e9ndonos perder el tiempo a todos.<\/p>\n<p>Estamos en la ciudad de C\u00f3rdoba en barrio Jard\u00edn, cerca de ciudad universitaria,<\/p>\n","protected":false},"excerpt":{"rendered":"<p>Repuestos de TV Noblex Modelo:\u00a0 24LD873HT<\/p>\n","protected":false},"featured_media":472,"comment_status":"open","ping_status":"closed","template":"","meta":[],"product_brand":[42],"product_cat":[41],"product_tag":[],"class_list":{"0":"post-568","1":"product","2":"type-product","3":"status-publish","4":"has-post-thumbnail","6":"product_brand-noblex","7":"product_cat-tv","9":"first","10":"instock","11":"shipping-taxable","12":"purchasable","13":"product-type-simple"},"jetpack_sharing_enabled":true,"_links":{"self":[{"href":"https:\/\/seg-electronica.com.ar\/index.php?rest_route=\/wp\/v2\/product\/568","targetHints":{"allow":["GET"]}}],"collection":[{"href":"https:\/\/seg-electronica.com.ar\/index.php?rest_route=\/wp\/v2\/product"}],"about":[{"href":"https:\/\/seg-electronica.com.ar\/index.php?rest_route=\/wp\/v2\/types\/product"}],"replies":[{"embeddable":true,"href":"https:\/\/seg-electronica.com.ar\/index.php?rest_route=%2Fwp%2Fv2%2Fcomments&post=568"}],"wp:featuredmedia":[{"embeddable":true,"href":"https:\/\/seg-electronica.com.ar\/index.php?rest_route=\/wp\/v2\/media\/472"}],"wp:attachment":[{"href":"https:\/\/seg-electronica.com.ar\/index.php?rest_route=%2Fwp%2Fv2%2Fmedia&parent=568"}],"wp:term":[{"taxonomy":"product_brand","embeddable":true,"href":"https:\/\/seg-electronica.com.ar\/index.php?rest_route=%2Fwp%2Fv2%2Fproduct_brand&post=568"},{"taxonomy":"product_cat","embeddable":true,"href":"https:\/\/seg-electronica.com.ar\/index.php?rest_route=%2Fwp%2Fv2%2Fproduct_cat&post=568"},{"taxonomy":"product_tag","embeddable":true,"href":"https:\/\/seg-electronica.com.ar\/index.php?rest_route=%2Fwp%2Fv2%2Fproduct_tag&post=568"}],"curies":[{"name":"wp","href":"https:\/\/api.w.org\/{rel}","templated":true}]}}