{"id":703,"date":"2026-03-09T02:12:09","date_gmt":"2026-03-09T02:12:09","guid":{"rendered":"https:\/\/seg-electronica.com.ar\/?post_type=product&#038;p=703"},"modified":"2026-04-02T17:16:37","modified_gmt":"2026-04-02T17:16:37","slug":"discos-rigidos-de-35-para-pcs-de-escritorio-dvr-desktop","status":"publish","type":"product","link":"https:\/\/seg-electronica.com.ar\/?product=discos-rigidos-de-35-para-pcs-de-escritorio-dvr-desktop","title":{"rendered":"Discos Rigidos de 3,5&#8243; para PCs de escritorio, DVR, Desktop"},"content":{"rendered":"<p data-start=\"130\" data-end=\"199\">&#x1f4bb; <strong data-start=\"133\" data-end=\"199\">Discos r\u00edgidos para PC de escritorio \u2013 probados y garantizados<\/strong><\/p>\n<p data-start=\"201\" data-end=\"347\">Discos de <strong data-start=\"211\" data-end=\"265\">3,5\u2033 para PCs de escritorio, DVR y equipos desktop<\/strong>.<br data-start=\"266\" data-end=\"269\" \/>Todos los discos son <strong data-start=\"290\" data-end=\"326\">usados pero probados y testeados<\/strong> antes de la entrega.<\/p>\n<p data-start=\"349\" data-end=\"518\">&#x1f527; Cada unidad se verifica con <strong data-start=\"380\" data-end=\"402\">Hard Disk Sentinel<\/strong>, un software profesional de diagn\u00f3stico de discos.<br data-start=\"453\" data-end=\"456\" \/>Solo se venden los que <strong data-start=\"479\" data-end=\"517\">marcan 100% de salud y rendimiento<\/strong>.<\/p>\n<p data-start=\"520\" data-end=\"532\"><strong data-start=\"520\" data-end=\"532\">Precios:<\/strong><\/p>\n<p data-start=\"534\" data-end=\"662\">\u2022 HD SATA <strong data-start=\"544\" data-end=\"554\">1 TB<\/strong> \u2014 $30.000<\/p>\n<p data-start=\"534\" data-end=\"662\">\u2022 HD SATA <strong data-start=\"544\" data-end=\"554\">500 GB<\/strong> \u2014 $25.000<br data-start=\"564\" data-end=\"567\" \/>\u2022 HD SATA <strong data-start=\"577\" data-end=\"587\">250 GB<\/strong> \u2014 $10.000<br data-start=\"597\" data-end=\"600\" \/>\u2022 HD SATA <strong data-start=\"610\" data-end=\"620\">160 GB<\/strong> \u2014 $7.500<br data-start=\"629\" data-end=\"632\" \/>\u2022 HD SATA <strong data-start=\"642\" data-end=\"651\">80 GB<\/strong> \u2014 $5.000<\/p>\n<p data-start=\"664\" data-end=\"714\">&#x1f4e6; <strong data-start=\"667\" data-end=\"714\">Consulte por otras capacidades disponibles.<\/strong><\/p>\n<p data-start=\"716\" data-end=\"764\">Tambi\u00e9n tenemos <strong data-start=\"732\" data-end=\"763\">discos IDE antiguos para PC<\/strong>.<\/p>\n<p data-start=\"766\" data-end=\"846\">&#x1f4cd; <strong data-start=\"769\" data-end=\"786\">Barrio Jard\u00edn<\/strong><br data-start=\"786\" data-end=\"789\" \/>Cerca de <strong data-start=\"798\" data-end=\"822\">Ciudad Universitaria<\/strong> y <strong data-start=\"825\" data-end=\"845\">Paseo del Jockey<\/strong>.<\/p>\n<p data-start=\"848\" data-end=\"950\">&#x2714; Los discos <strong data-start=\"861\" data-end=\"889\">se prueban en el momento<\/strong> antes de la entrega.<br data-start=\"910\" data-end=\"913\" \/>&#x2714; Entrega <strong data-start=\"923\" data-end=\"949\">\u00fanicamente en el local<\/strong>.<\/p>\n<p data-start=\"952\" data-end=\"1025\">&#x26a0;&#xfe0f; Las fotos son ilustrativas, ya que el stock va rotando constantemente.<\/p>\n<p data-start=\"1027\" data-end=\"1232\">&#x1f527; <strong data-start=\"1030\" data-end=\"1142\">M\u00e1s de 20 a\u00f1os trabajando en inform\u00e1tica, reparando equipos y acumulando gran stock de repuestos y hardware.<\/strong><br data-start=\"1142\" data-end=\"1145\" \/>Si busc\u00e1s alg\u00fan componente en particular <strong data-start=\"1186\" data-end=\"1198\">consult\u00e1<\/strong>, es muy probable que lo tengamos.<\/p>\n<p data-start=\"1027\" data-end=\"1232\">\n","protected":false},"excerpt":{"rendered":"<p>&nbsp;<\/p>\n<p>Discos Rigidos de 3,5 Pulgadas son los que usan las PC de escritorio y las DVR.<\/p>\n","protected":false},"featured_media":707,"comment_status":"open","ping_status":"closed","template":"","meta":[],"product_brand":[34],"product_cat":[61],"product_tag":[63,36,62,64],"class_list":{"0":"post-703","1":"product","2":"type-product","3":"status-publish","4":"has-post-thumbnail","6":"product_brand-wd","7":"product_cat-discos-rigidos","8":"product_tag-3-5","9":"product_tag-disco","10":"product_tag-rigido","11":"product_tag-sata","13":"first","14":"instock","15":"shipping-taxable","16":"purchasable","17":"product-type-simple"},"jetpack_sharing_enabled":true,"_links":{"self":[{"href":"https:\/\/seg-electronica.com.ar\/index.php?rest_route=\/wp\/v2\/product\/703","targetHints":{"allow":["GET"]}}],"collection":[{"href":"https:\/\/seg-electronica.com.ar\/index.php?rest_route=\/wp\/v2\/product"}],"about":[{"href":"https:\/\/seg-electronica.com.ar\/index.php?rest_route=\/wp\/v2\/types\/product"}],"replies":[{"embeddable":true,"href":"https:\/\/seg-electronica.com.ar\/index.php?rest_route=%2Fwp%2Fv2%2Fcomments&post=703"}],"wp:featuredmedia":[{"embeddable":true,"href":"https:\/\/seg-electronica.com.ar\/index.php?rest_route=\/wp\/v2\/media\/707"}],"wp:attachment":[{"href":"https:\/\/seg-electronica.com.ar\/index.php?rest_route=%2Fwp%2Fv2%2Fmedia&parent=703"}],"wp:term":[{"taxonomy":"product_brand","embeddable":true,"href":"https:\/\/seg-electronica.com.ar\/index.php?rest_route=%2Fwp%2Fv2%2Fproduct_brand&post=703"},{"taxonomy":"product_cat","embeddable":true,"href":"https:\/\/seg-electronica.com.ar\/index.php?rest_route=%2Fwp%2Fv2%2Fproduct_cat&post=703"},{"taxonomy":"product_tag","embeddable":true,"href":"https:\/\/seg-electronica.com.ar\/index.php?rest_route=%2Fwp%2Fv2%2Fproduct_tag&post=703"}],"curies":[{"name":"wp","href":"https:\/\/api.w.org\/{rel}","templated":true}]}}